{"id":76,"date":"2018-11-07T12:15:59","date_gmt":"2018-11-07T12:15:59","guid":{"rendered":"http:\/\/verfrissende-ontwerpen.nl\/neuro\/?page_id=76"},"modified":"2020-08-18T16:19:38","modified_gmt":"2020-08-18T16:19:38","slug":"tarieven-opleidingen","status":"publish","type":"page","link":"https:\/\/neurotherapie.verfrissende-ontwerpen.nl\/?page_id=76","title":{"rendered":"Tarieven opleidingen"},"content":{"rendered":"<div class=\"wpb-content-wrapper\"><p>[vc_row][vc_column]<div id=\"ultimate-heading-453369e926e5587a3\" class=\"uvc-heading ult-adjust-bottom-margin ultimate-heading-453369e926e5587a3 uvc-4105 \" data-hspacer=\"no_spacer\"  data-halign=\"left\" style=\"text-align:left\"><div class=\"uvc-heading-spacer no_spacer\" style=\"top\"><\/div><div class=\"uvc-main-heading ult-responsive\"  data-ultimate-target='.uvc-heading.ultimate-heading-453369e926e5587a3 h2'  data-responsive-json-new='{\"font-size\":\"desktop:30px;\",\"line-height\":\"desktop:30px;\"}' ><h2 style=\"--font-weight:theme;margin-bottom:18px;\">Vergoedingen en tarieven<\/h2><\/div><div class=\"uvc-sub-heading ult-responsive\"  data-ultimate-target='.uvc-heading.ultimate-heading-453369e926e5587a3 .uvc-sub-heading '  data-responsive-json-new='{\"font-size\":\"desktop:18px;\",\"line-height\":\"desktop:28px;\"}'  style=\"font-weight:normal;color:#5977b4;margin-bottom:20px;\"><\/p>\n<p><\/div><\/div>[\/vc_column][\/vc_row][vc_row type=&#8221;vc_default&#8221; css=&#8221;.vc_custom_1495024384690{padding-bottom: 30px !important;}&#8221;][vc_column width=&#8221;1\/2&#8243;]<div id=\"ultimate-heading-821569e926e55880e\" class=\"uvc-heading ult-adjust-bottom-margin ultimate-heading-821569e926e55880e uvc-377  uvc-heading-default-font-sizes\" data-hspacer=\"no_spacer\"  data-halign=\"left\" style=\"text-align:left\"><div class=\"uvc-heading-spacer no_spacer\" style=\"top\"><\/div><div class=\"uvc-main-heading ult-responsive\"  data-ultimate-target='.uvc-heading.ultimate-heading-821569e926e55880e h3'  data-responsive-json-new='{\"font-size\":\"\",\"line-height\":\"\"}' ><h3 style=\"--font-weight:theme;margin-bottom:15px;\">Tarieven<\/h3><\/div><div class=\"uvc-sub-heading ult-responsive\"  data-ultimate-target='.uvc-heading.ultimate-heading-821569e926e55880e .uvc-sub-heading '  data-responsive-json-new='{\"font-size\":\"desktop:18px;\",\"line-height\":\"desktop:28px;\"}'  style=\"font-weight:normal;color:#5977b4;margin-bottom:15px;\">Neurotherapie bestaat uit een serie intensieve \u00e9\u00e9n-op-\u00e9\u00e9n sessies. Voorafgaand aan de trainingen is er een intake waarbij er een 19 kanaals QEEG afgenomen wordt. Wij streven ernaar om neurotherapie voor iedereen zo toegankelijk mogelijk te maken.<\/div><\/div>[vc_column_text]Na de intake kijken wij samen met de cli\u00ebnt naar de meest effici\u00ebnte en best passende vorm van neurotherapie. Iedereen is uniek; onze sessies dus ook. Hoeveel sessies er nodig zijn varieert en is individueel zeer verschillend. Voor een optimaal resultaat zijn minimaal 20 sessies nodig.[\/vc_column_text][vc_empty_space][\/vc_column][vc_column width=&#8221;1\/2&#8243;]<div class=\"aio-icon-component    style_1\"><div id=\"Info-box-wrap-5412\" class=\"aio-icon-box square_box-icon\" style=\"border-color:#5977b4;border-style:solid;border-width:1px;background-color:#f4f4f4;\"  ><div class=\"aio-icon-square_box\"><div class=\"ult-just-icon-wrapper  \"><div class=\"align-icon\" style=\"text-align:center;\">\n<div class=\"aio-icon circle \"  style=\"color:#ffffff;background:#5977b4;font-size:24px;display:inline-block;\">\n\t<i class=\"Defaults-eur euro\"><\/i>\n<\/div><\/div><\/div><\/div><div class=\"aio-icon-header\" ><h3 class=\"aio-icon-title ult-responsive\"  data-ultimate-target='#Info-box-wrap-5412 .aio-icon-title'  data-responsive-json-new='{\"font-size\":\"\",\"line-height\":\"\"}'  style=\"\">Tarieven<\/h3><\/div> <!-- header --><div class=\"aio-icon-description ult-responsive\"  data-ultimate-target='#Info-box-wrap-5412 .aio-icon-description'  data-responsive-json-new='{\"font-size\":\"\",\"line-height\":\"\"}'  style=\"\"><strong>Tarieven opleidingen<\/strong><\/p>\n<p>Opleiding in groepsverband:<\/p>\n<p>Module <strong>A<\/strong>\u00a0 \u00a0 \u20ac 1750,- ex BTW<\/p>\n<p>Module <strong>B\u00a0<\/strong> \u00a0 \u20ac 1750,- ex BTW<\/p>\n<p>Individuele opleiding: bel voor meer informatie<\/p>\n<p><a class=\"aio-icon-read xx\" href=\"https:\/\/neurotherapie.verfrissende-ontwerpen.nl\/contact\/\" >Meldt u zich aan voor een gratis en vrijblijvende proefsessie!&nbsp;&raquo;<\/a><\/div> <!-- description --><\/div> <!-- aio-icon-box --><\/div> <!-- aio-icon-component -->[vc_empty_space][\/vc_column][\/vc_row][vc_row type=&#8221;vc_default&#8221; css=&#8221;.vc_custom_1495024384690{padding-bottom: 30px !important;}&#8221;][vc_column width=&#8221;1\/2&#8243;]<div id=\"ultimate-heading-590269e926e558a20\" class=\"uvc-heading ult-adjust-bottom-margin ultimate-heading-590269e926e558a20 uvc-6056  uvc-heading-default-font-sizes\" data-hspacer=\"no_spacer\"  data-halign=\"left\" style=\"text-align:left\"><div class=\"uvc-heading-spacer no_spacer\" style=\"top\"><\/div><div class=\"uvc-main-heading ult-responsive\"  data-ultimate-target='.uvc-heading.ultimate-heading-590269e926e558a20 h3'  data-responsive-json-new='{\"font-size\":\"\",\"line-height\":\"\"}' ><h3 style=\"--font-weight:theme;margin-bottom:10px;\">Vergoedingen<\/h3><\/div><div class=\"uvc-sub-heading ult-responsive\"  data-ultimate-target='.uvc-heading.ultimate-heading-590269e926e558a20 .uvc-sub-heading '  data-responsive-json-new='{\"font-size\":\"desktop:18px;\",\"line-height\":\"desktop:28px;\"}'  style=\"font-weight:normal;color:#5977b4;margin-bottom:15px;\">De meeste verzekeraars vergoeden neurofeedback en neurotherapie deels of geheel via het aanvullend zorgpakket.<\/div><\/div>[vc_column_text]Afhankelijk van de reden voor behandeling valt neurotherapie bij sommige verzekeraars onder psychologische begeleiding en bij anderen onder complementaire\/alternatieve geneeswijzen. In de polisvoorwaarden van uw zorgverzekering kunt u lezen op welke vergoedingen u recht heeft. Om niet voor vervelende verrassingen te komen te staan adviseren wij u om dit van te voren goed uit te zoeken!<\/p>\n<p>Voor de neurofeedback sessies is geen verwijzing nodig van huisarts of andere instanties.[\/vc_column_text][\/vc_column][vc_column width=&#8221;1\/2&#8243;]<div class=\"aio-icon-component    style_1\"><div id=\"Info-box-wrap-8824\" class=\"aio-icon-box square_box-icon\" style=\"border-color:#5977b4;border-style:dotted;border-width:1px;\"  ><div class=\"aio-icon-square_box\"><div class=\"ult-just-icon-wrapper  \"><div class=\"align-icon\" style=\"text-align:center;\">\n<div class=\"aio-icon circle \"  style=\"color:#ffffff;background:#5977b4;font-size:24px;display:inline-block;\">\n\t<i class=\"Defaults-check\"><\/i>\n<\/div><\/div><\/div><\/div><div class=\"aio-icon-header\" ><h3 class=\"aio-icon-title ult-responsive\"  data-ultimate-target='#Info-box-wrap-8824 .aio-icon-title'  data-responsive-json-new='{\"font-size\":\"\",\"line-height\":\"\"}'  style=\"\">Belastingaftrek<\/h3><\/div> <!-- header --><div class=\"aio-icon-description ult-responsive\"  data-ultimate-target='#Info-box-wrap-8824 .aio-icon-description'  data-responsive-json-new='{\"font-size\":\"\",\"line-height\":\"\"}'  style=\"\">Zakelijke klanten en sportbeoefenaars die neurotherapie inzetten ten behoeve van stressmanagement en \/ of prestatiebevordering kunnen gemaakte trainingskosten van de belasting aftrekken.<\/div> <!-- description --><\/div> <!-- aio-icon-box --><\/div> <!-- aio-icon-component -->[vc_empty_space][\/vc_column][\/vc_row][vc_row][vc_column][vc_column_text]Drs. Erik van Beuningen is als psycholoog geregistreerd bij het Nederlands Instituut voor Psychologen (NIP). Al onze therapeuten zijn geregistreerd bij de Vakgroep Integrale Gezondheidszorg (VIG) van de Nederlandse Federatie voor Gezondheidszorg (NFG).[\/vc_column_text][\/vc_column][\/vc_row]<\/p>\n<\/div>","protected":false},"excerpt":{"rendered":"<p>[vc_row][vc_column][\/vc_column][\/vc_row][vc_row type=&#8221;vc_default&#8221; css=&#8221;.vc_custom_1495024384690{padding-bottom: 30px !important;}&#8221;][vc_column width=&#8221;1\/2&#8243;][vc_column_text]Na de intake kijken wij samen met de cli\u00ebnt naar de meest effici\u00ebnte en best passende vorm van neurotherapie. Iedereen is uniek; onze sessies dus ook. Hoeveel sessies er nodig zijn varieert en is individueel zeer verschillend. Voor een optimaal resultaat zijn minimaal 20 sessies nodig.[\/vc_column_text][vc_empty_space][\/vc_column][vc_column width=&#8221;1\/2&#8243;][vc_empty_space][\/vc_column][\/vc_row][vc_row type=&#8221;vc_default&#8221; css=&#8221;.vc_custom_1495024384690{padding-bottom: 30px&hellip;<\/p>\n","protected":false},"author":1,"featured_media":0,"parent":0,"menu_order":0,"comment_status":"closed","ping_status":"closed","template":"","meta":{"footnotes":""},"class_list":["post-76","page","type-page","status-publish","hentry","description-off"],"yoast_head":"<!-- This site is optimized with the Yoast SEO plugin v27.4 - https:\/\/yoast.com\/product\/yoast-seo-wordpress\/ -->\n<title>Tarieven opleidingen - Neurotherapie Centrum Hilversum (NCH)<\/title>\n<meta name=\"robots\" content=\"index, follow, max-snippet:-1, max-image-preview:large, max-video-preview:-1\" \/>\n<link rel=\"canonical\" href=\"https:\/\/neurotherapie.verfrissende-ontwerpen.nl\/?page_id=76\" \/>\n<meta property=\"og:locale\" content=\"nl_NL\" \/>\n<meta property=\"og:type\" content=\"article\" \/>\n<meta property=\"og:title\" content=\"Tarieven opleidingen - Neurotherapie Centrum Hilversum (NCH)\" \/>\n<meta property=\"og:description\" content=\"[vc_row][vc_column][\/vc_column][\/vc_row][vc_row type=&#8221;vc_default&#8221; css=&#8221;.vc_custom_1495024384690{padding-bottom: 30px !important;}&#8221;][vc_column width=&#8221;1\/2&#8243;][vc_column_text]Na de intake kijken wij samen met de cli\u00ebnt naar de meest effici\u00ebnte en best passende vorm van neurotherapie. Iedereen is uniek; onze sessies dus ook. Hoeveel sessies er nodig zijn varieert en is individueel zeer verschillend. Voor een optimaal resultaat zijn minimaal 20 sessies nodig.[\/vc_column_text][vc_empty_space][\/vc_column][vc_column width=&#8221;1\/2&#8243;][vc_empty_space][\/vc_column][\/vc_row][vc_row type=&#8221;vc_default&#8221; css=&#8221;.vc_custom_1495024384690{padding-bottom: 30px&hellip;\" \/>\n<meta property=\"og:url\" content=\"https:\/\/neurotherapie.verfrissende-ontwerpen.nl\/?page_id=76\" \/>\n<meta property=\"og:site_name\" content=\"Neurotherapie Centrum Hilversum (NCH)\" \/>\n<meta property=\"article:modified_time\" content=\"2020-08-18T16:19:38+00:00\" \/>\n<meta name=\"twitter:card\" content=\"summary_large_image\" \/>\n<meta name=\"twitter:label1\" content=\"Geschatte leestijd\" \/>\n\t<meta name=\"twitter:data1\" content=\"3 minuten\" \/>\n<script type=\"application\/ld+json\" class=\"yoast-schema-graph\">{\"@context\":\"https:\\\/\\\/schema.org\",\"@graph\":[{\"@type\":\"WebPage\",\"@id\":\"https:\\\/\\\/neurotherapie.verfrissende-ontwerpen.nl\\\/?page_id=76\",\"url\":\"https:\\\/\\\/neurotherapie.verfrissende-ontwerpen.nl\\\/?page_id=76\",\"name\":\"Tarieven opleidingen - Neurotherapie Centrum Hilversum (NCH)\",\"isPartOf\":{\"@id\":\"https:\\\/\\\/neurotherapie.verfrissende-ontwerpen.nl\\\/#website\"},\"datePublished\":\"2018-11-07T12:15:59+00:00\",\"dateModified\":\"2020-08-18T16:19:38+00:00\",\"breadcrumb\":{\"@id\":\"https:\\\/\\\/neurotherapie.verfrissende-ontwerpen.nl\\\/?page_id=76#breadcrumb\"},\"inLanguage\":\"nl-NL\",\"potentialAction\":[{\"@type\":\"ReadAction\",\"target\":[\"https:\\\/\\\/neurotherapie.verfrissende-ontwerpen.nl\\\/?page_id=76\"]}]},{\"@type\":\"BreadcrumbList\",\"@id\":\"https:\\\/\\\/neurotherapie.verfrissende-ontwerpen.nl\\\/?page_id=76#breadcrumb\",\"itemListElement\":[{\"@type\":\"ListItem\",\"position\":1,\"name\":\"Home\",\"item\":\"https:\\\/\\\/neurotherapie.verfrissende-ontwerpen.nl\\\/\"},{\"@type\":\"ListItem\",\"position\":2,\"name\":\"Tarieven opleidingen\"}]},{\"@type\":\"WebSite\",\"@id\":\"https:\\\/\\\/neurotherapie.verfrissende-ontwerpen.nl\\\/#website\",\"url\":\"https:\\\/\\\/neurotherapie.verfrissende-ontwerpen.nl\\\/\",\"name\":\"Neurotherapie Centrum Hilversum (NCH)\",\"description\":\"\",\"potentialAction\":[{\"@type\":\"SearchAction\",\"target\":{\"@type\":\"EntryPoint\",\"urlTemplate\":\"https:\\\/\\\/neurotherapie.verfrissende-ontwerpen.nl\\\/?s={search_term_string}\"},\"query-input\":{\"@type\":\"PropertyValueSpecification\",\"valueRequired\":true,\"valueName\":\"search_term_string\"}}],\"inLanguage\":\"nl-NL\"}]}<\/script>\n<!-- \/ Yoast SEO plugin. -->","yoast_head_json":{"title":"Tarieven opleidingen - Neurotherapie Centrum Hilversum (NCH)","robots":{"index":"index","follow":"follow","max-snippet":"max-snippet:-1","max-image-preview":"max-image-preview:large","max-video-preview":"max-video-preview:-1"},"canonical":"https:\/\/neurotherapie.verfrissende-ontwerpen.nl\/?page_id=76","og_locale":"nl_NL","og_type":"article","og_title":"Tarieven opleidingen - Neurotherapie Centrum Hilversum (NCH)","og_description":"[vc_row][vc_column][\/vc_column][\/vc_row][vc_row type=&#8221;vc_default&#8221; css=&#8221;.vc_custom_1495024384690{padding-bottom: 30px !important;}&#8221;][vc_column width=&#8221;1\/2&#8243;][vc_column_text]Na de intake kijken wij samen met de cli\u00ebnt naar de meest effici\u00ebnte en best passende vorm van neurotherapie. Iedereen is uniek; onze sessies dus ook. Hoeveel sessies er nodig zijn varieert en is individueel zeer verschillend. Voor een optimaal resultaat zijn minimaal 20 sessies nodig.[\/vc_column_text][vc_empty_space][\/vc_column][vc_column width=&#8221;1\/2&#8243;][vc_empty_space][\/vc_column][\/vc_row][vc_row type=&#8221;vc_default&#8221; css=&#8221;.vc_custom_1495024384690{padding-bottom: 30px&hellip;","og_url":"https:\/\/neurotherapie.verfrissende-ontwerpen.nl\/?page_id=76","og_site_name":"Neurotherapie Centrum Hilversum (NCH)","article_modified_time":"2020-08-18T16:19:38+00:00","twitter_card":"summary_large_image","twitter_misc":{"Geschatte leestijd":"3 minuten"},"schema":{"@context":"https:\/\/schema.org","@graph":[{"@type":"WebPage","@id":"https:\/\/neurotherapie.verfrissende-ontwerpen.nl\/?page_id=76","url":"https:\/\/neurotherapie.verfrissende-ontwerpen.nl\/?page_id=76","name":"Tarieven opleidingen - Neurotherapie Centrum Hilversum (NCH)","isPartOf":{"@id":"https:\/\/neurotherapie.verfrissende-ontwerpen.nl\/#website"},"datePublished":"2018-11-07T12:15:59+00:00","dateModified":"2020-08-18T16:19:38+00:00","breadcrumb":{"@id":"https:\/\/neurotherapie.verfrissende-ontwerpen.nl\/?page_id=76#breadcrumb"},"inLanguage":"nl-NL","potentialAction":[{"@type":"ReadAction","target":["https:\/\/neurotherapie.verfrissende-ontwerpen.nl\/?page_id=76"]}]},{"@type":"BreadcrumbList","@id":"https:\/\/neurotherapie.verfrissende-ontwerpen.nl\/?page_id=76#breadcrumb","itemListElement":[{"@type":"ListItem","position":1,"name":"Home","item":"https:\/\/neurotherapie.verfrissende-ontwerpen.nl\/"},{"@type":"ListItem","position":2,"name":"Tarieven opleidingen"}]},{"@type":"WebSite","@id":"https:\/\/neurotherapie.verfrissende-ontwerpen.nl\/#website","url":"https:\/\/neurotherapie.verfrissende-ontwerpen.nl\/","name":"Neurotherapie Centrum Hilversum (NCH)","description":"","potentialAction":[{"@type":"SearchAction","target":{"@type":"EntryPoint","urlTemplate":"https:\/\/neurotherapie.verfrissende-ontwerpen.nl\/?s={search_term_string}"},"query-input":{"@type":"PropertyValueSpecification","valueRequired":true,"valueName":"search_term_string"}}],"inLanguage":"nl-NL"}]}},"_links":{"self":[{"href":"https:\/\/neurotherapie.verfrissende-ontwerpen.nl\/index.php?rest_route=\/wp\/v2\/pages\/76","targetHints":{"allow":["GET"]}}],"collection":[{"href":"https:\/\/neurotherapie.verfrissende-ontwerpen.nl\/index.php?rest_route=\/wp\/v2\/pages"}],"about":[{"href":"https:\/\/neurotherapie.verfrissende-ontwerpen.nl\/index.php?rest_route=\/wp\/v2\/types\/page"}],"author":[{"embeddable":true,"href":"https:\/\/neurotherapie.verfrissende-ontwerpen.nl\/index.php?rest_route=\/wp\/v2\/users\/1"}],"replies":[{"embeddable":true,"href":"https:\/\/neurotherapie.verfrissende-ontwerpen.nl\/index.php?rest_route=%2Fwp%2Fv2%2Fcomments&post=76"}],"version-history":[{"count":5,"href":"https:\/\/neurotherapie.verfrissende-ontwerpen.nl\/index.php?rest_route=\/wp\/v2\/pages\/76\/revisions"}],"predecessor-version":[{"id":333,"href":"https:\/\/neurotherapie.verfrissende-ontwerpen.nl\/index.php?rest_route=\/wp\/v2\/pages\/76\/revisions\/333"}],"wp:attachment":[{"href":"https:\/\/neurotherapie.verfrissende-ontwerpen.nl\/index.php?rest_route=%2Fwp%2Fv2%2Fmedia&parent=76"}],"curies":[{"name":"wp","href":"https:\/\/api.w.org\/{rel}","templated":true}]}}